{"id":174,"date":"2019-03-15T20:46:41","date_gmt":"2019-03-16T00:46:41","guid":{"rendered":"http:\/\/tiptol.com\/?page_id=174"},"modified":"2019-03-18T17:07:34","modified_gmt":"2019-03-18T21:07:34","slug":"a-propos","status":"publish","type":"page","link":"https:\/\/tiptol.com\/fr\/a-propos\/","title":{"rendered":"\u00c0 propos"},"content":{"rendered":"\n<section class=\"wp-block-gutenberg-boilerplate-es5-tiptol-about-us page-section pt-60 pb-60\"><div class=\"relative container\"><h2 class=\"hs-line-11 font-alt mb-60 mb-xs-40 align-center\">Nos solutions<\/h2><div class=\"row\"><div class=\"col-sm-4\"><div class=\"tiptol-about-us__img\"><img src=\"http:\/\/tiptol.com\/wp-content\/uploads\/2019\/03\/about-us-1.jpg\" alt=\"Automatisation de Labo\"\/><\/div><h3>Automatisation de Labo<\/h3><p>Faire de vos id\u00e9es une r\u00e9alit\u00e9.<br><br>Nos solutions d\u2019Automatisation de Laboratoire n\u2019exigent aucune exp\u00e9rience en codage, vous font \u00e9pargner temps et argent, ce qui vous permet de voir des r\u00e9sultats imm\u00e9diatement. Notre interface graphique, qui s\u2019affiche sur n\u2019importe quel appareil connect\u00e9 localement, vous donne la flexibilit\u00e9 requise pour rester \u00e0 l\u2019aff\u00fbt de vos r\u00e9sultats et am\u00e9liorer votre synergie d\u2019\u00e9quipe.<\/p><\/div><div class=\"col-sm-4\"><div class=\"tiptol-about-us__img\"><img src=\"http:\/\/tiptol.com\/wp-content\/uploads\/2019\/03\/about-us-2.jpg\" alt=\"Optimisation de l'\u00e9nergie solaire\"\/><\/div><h3>Optimisation de l&rsquo;\u00e9nergie solaire<\/h3><p>Adapter l&rsquo;offre \u00e0 la demande.<br><br>Notre mat\u00e9riel informatique unique est ce qu\u2019il y a de meilleur pour optimiser l\u2019\u00e9nergie solaire PV disponible pour vos projets. Nos solutions polyvalentes peuvent contr\u00f4ler et mesurer une vari\u00e9t\u00e9 de syst\u00e8mes d\u2019entreposage \u00e0 eau chaude dans les \u00e9difices. Nos solutions garantissent un retour sur l\u2019investissement bonifi\u00e9 pour tous les actionnaires.<\/p><\/div><div class=\"col-sm-4\"><div class=\"tiptol-about-us__img\"><img src=\"http:\/\/tiptol.com\/wp-content\/uploads\/2019\/03\/about-us-3.jpg\" alt=\"Solutions compl\u00e8tes\"\/><\/div><h3>Solutions compl\u00e8tes<\/h3><p>Pr\u00eat \u00e0 \u00e9quiper votre projet.<br><br>Nous fournissons des solutions fiables et pr\u00eates \u00e0 la mise en \u0153uvre pour chaque \u00e9tape de votre projet, ce qui vous \u00e9pargne temps et argent. Aucun recours \u00e0 une tierce partie ne sera requis pour l\u2019installation, car toutes les solutions sont test\u00e9es avant leur exp\u00e9dition. Vous pourrez ainsi vous engager dans de nouveaux projets dont le succ\u00e8s requiert pr\u00e9cision et fiabilit\u00e9 en toute tranquillit\u00e9 d\u2019esprit.<\/p><\/div><\/div><\/div><\/section>\n\n\n\n<section class=\"wp-block-gutenberg-boilerplate-es5-tiptol-parallax page-section pt-0 pb-0 banner-section bg-dark\" style=\"background-image:url(http:\/\/tiptol.com\/wp-content\/uploads\/2019\/03\/parallax-about.jpg);text-align:center\"><div class=\"container relative\"><div class=\"row\"><div class=\"col-sm-12\"><div class=\"mt-140 mt-lg-80 mb-140 mb-lg-80\"><div class=\"banner-content\"><h3 class=\"banner-heading font-alt\">L&rsquo;innovation dans l&rsquo;automatisation.<\/h3><div class=\"banner-decription\">Forte de plus de 15 ans dans le domaine de l\u2019automatisation industrielle, l\u2019\u00e9quipe de Tiptol vous permet de r\u00e9aliser des projets de toutes les ampleurs \u2013 le plus difficile sera le mieux! Tiptol vise \u00e0 rendre possibles des projets d\u2019automatisation qui seraient autrement limit\u00e9s par des contraintes budg\u00e9taires. Les produits rentables de Tiptol sont con\u00e7us pour les entreprises dont les besoins techniques sont souvent palli\u00e9s par des \u00e9quipements dispendieux fournis par des tierces parties. Contactez un membre de notre \u00e9quipe d\u00e8s aujourd\u2019hui pour d\u00e9couvrir laquelle de nos solutions fera de votre projet un succ\u00e8s tout en vous \u00e9pargnant temps et argent.<\/div><div class=\"local-scroll\"><\/div><\/div><\/div><\/div><\/div><\/div><\/section>\n","protected":false},"excerpt":{"rendered":"","protected":false},"author":8,"featured_media":0,"parent":0,"menu_order":0,"comment_status":"closed","ping_status":"closed","template":"","meta":[],"yoast_head":"<!-- This site is optimized with the Yoast SEO plugin v19.6.1 - https:\/\/yoast.com\/wordpress\/plugins\/seo\/ -->\n<title>\u00c0 propos - Tiptol solutions<\/title>\n<meta name=\"robots\" content=\"index, follow, max-snippet:-1, max-image-preview:large, max-video-preview:-1\" \/>\n<link rel=\"canonical\" href=\"https:\/\/tiptol.com\/fr\/a-propos\/\" \/>\n<meta property=\"og:locale\" content=\"fr_FR\" \/>\n<meta property=\"og:type\" content=\"article\" \/>\n<meta property=\"og:title\" content=\"\u00c0 propos - Tiptol solutions\" \/>\n<meta property=\"og:url\" content=\"https:\/\/tiptol.com\/fr\/a-propos\/\" \/>\n<meta property=\"og:site_name\" content=\"Tiptol solutions\" \/>\n<meta property=\"article:modified_time\" content=\"2019-03-18T21:07:34+00:00\" \/>\n<meta property=\"og:image\" content=\"http:\/\/tiptol.com\/wp-content\/uploads\/2019\/03\/about-us-1.jpg\" \/>\n<meta name=\"twitter:label1\" content=\"Dur\u00e9e de lecture estim\u00e9e\" \/>\n\t<meta name=\"twitter:data1\" content=\"2 minutes\" \/>\n<script type=\"application\/ld+json\" class=\"yoast-schema-graph\">{\"@context\":\"https:\/\/schema.org\",\"@graph\":[{\"@type\":\"WebPage\",\"@id\":\"https:\/\/tiptol.com\/fr\/a-propos\/\",\"url\":\"https:\/\/tiptol.com\/fr\/a-propos\/\",\"name\":\"\u00c0 propos - Tiptol solutions\",\"isPartOf\":{\"@id\":\"https:\/\/tiptol.com\/#website\"},\"datePublished\":\"2019-03-16T00:46:41+00:00\",\"dateModified\":\"2019-03-18T21:07:34+00:00\",\"breadcrumb\":{\"@id\":\"https:\/\/tiptol.com\/fr\/a-propos\/#breadcrumb\"},\"inLanguage\":\"fr-FR\",\"potentialAction\":[{\"@type\":\"ReadAction\",\"target\":[\"https:\/\/tiptol.com\/fr\/a-propos\/\"]}]},{\"@type\":\"BreadcrumbList\",\"@id\":\"https:\/\/tiptol.com\/fr\/a-propos\/#breadcrumb\",\"itemListElement\":[{\"@type\":\"ListItem\",\"position\":1,\"name\":\"\u00c0 propos\"}]},{\"@type\":\"WebSite\",\"@id\":\"https:\/\/tiptol.com\/#website\",\"url\":\"https:\/\/tiptol.com\/\",\"name\":\"Tiptol solutions\",\"description\":\"Le prochain niveau de l\u2019automatisation\",\"potentialAction\":[{\"@type\":\"SearchAction\",\"target\":{\"@type\":\"EntryPoint\",\"urlTemplate\":\"https:\/\/tiptol.com\/?s={search_term_string}\"},\"query-input\":\"required name=search_term_string\"}],\"inLanguage\":\"fr-FR\"}]}<\/script>\n<!-- \/ Yoast SEO plugin. -->","yoast_head_json":{"title":"\u00c0 propos - Tiptol solutions","robots":{"index":"index","follow":"follow","max-snippet":"max-snippet:-1","max-image-preview":"max-image-preview:large","max-video-preview":"max-video-preview:-1"},"canonical":"https:\/\/tiptol.com\/fr\/a-propos\/","og_locale":"fr_FR","og_type":"article","og_title":"\u00c0 propos - Tiptol solutions","og_url":"https:\/\/tiptol.com\/fr\/a-propos\/","og_site_name":"Tiptol solutions","article_modified_time":"2019-03-18T21:07:34+00:00","og_image":[{"url":"http:\/\/tiptol.com\/wp-content\/uploads\/2019\/03\/about-us-1.jpg"}],"twitter_misc":{"Dur\u00e9e de lecture estim\u00e9e":"2 minutes"},"schema":{"@context":"https:\/\/schema.org","@graph":[{"@type":"WebPage","@id":"https:\/\/tiptol.com\/fr\/a-propos\/","url":"https:\/\/tiptol.com\/fr\/a-propos\/","name":"\u00c0 propos - Tiptol solutions","isPartOf":{"@id":"https:\/\/tiptol.com\/#website"},"datePublished":"2019-03-16T00:46:41+00:00","dateModified":"2019-03-18T21:07:34+00:00","breadcrumb":{"@id":"https:\/\/tiptol.com\/fr\/a-propos\/#breadcrumb"},"inLanguage":"fr-FR","potentialAction":[{"@type":"ReadAction","target":["https:\/\/tiptol.com\/fr\/a-propos\/"]}]},{"@type":"BreadcrumbList","@id":"https:\/\/tiptol.com\/fr\/a-propos\/#breadcrumb","itemListElement":[{"@type":"ListItem","position":1,"name":"\u00c0 propos"}]},{"@type":"WebSite","@id":"https:\/\/tiptol.com\/#website","url":"https:\/\/tiptol.com\/","name":"Tiptol solutions","description":"Le prochain niveau de l\u2019automatisation","potentialAction":[{"@type":"SearchAction","target":{"@type":"EntryPoint","urlTemplate":"https:\/\/tiptol.com\/?s={search_term_string}"},"query-input":"required name=search_term_string"}],"inLanguage":"fr-FR"}]}},"_links":{"self":[{"href":"https:\/\/tiptol.com\/fr\/wp-json\/wp\/v2\/pages\/174"}],"collection":[{"href":"https:\/\/tiptol.com\/fr\/wp-json\/wp\/v2\/pages"}],"about":[{"href":"https:\/\/tiptol.com\/fr\/wp-json\/wp\/v2\/types\/page"}],"author":[{"embeddable":true,"href":"https:\/\/tiptol.com\/fr\/wp-json\/wp\/v2\/users\/8"}],"replies":[{"embeddable":true,"href":"https:\/\/tiptol.com\/fr\/wp-json\/wp\/v2\/comments?post=174"}],"version-history":[{"count":11,"href":"https:\/\/tiptol.com\/fr\/wp-json\/wp\/v2\/pages\/174\/revisions"}],"predecessor-version":[{"id":666,"href":"https:\/\/tiptol.com\/fr\/wp-json\/wp\/v2\/pages\/174\/revisions\/666"}],"wp:attachment":[{"href":"https:\/\/tiptol.com\/fr\/wp-json\/wp\/v2\/media?parent=174"}],"curies":[{"name":"wp","href":"https:\/\/api.w.org\/{rel}","templated":true}]}}